{"id":285,"date":"2026-02-18T09:54:57","date_gmt":"2026-02-18T09:54:57","guid":{"rendered":"https:\/\/pbretones.santcugatesn.com\/?post_type=product&#038;p=285"},"modified":"2026-02-18T09:54:57","modified_gmt":"2026-02-18T09:54:57","slug":"capsulas-bio-sidamo","status":"publish","type":"product","link":"https:\/\/pbretones.santcugatesn.com\/?product=capsulas-bio-sidamo","title":{"rendered":"C\u00e1psulas BIO Sidamo"},"content":{"rendered":"<div class=\"trazabilidad-attribute\">\n<div class=\"\">Productor: Peque\u00f1os Caficultores<\/div>\n<\/div>\n<div class=\"trazabilidad-attribute\">\n<div class=\"\">Region: Sidama<\/div>\n<\/div>\n<div class=\"trazabilidad-attribute\">\n<div class=\"\">Altitud: 1.700 &#8211; 2.000 msnm<\/div>\n<\/div>\n<div class=\"trazabilidad-attribute\">\n<div class=\"\">Proceso: Lavado<\/div>\n<\/div>\n<div class=\"trazabilidad-attribute\">\n<div class=\"\">Variedad: Heirloom<\/div>\n<div><\/div>\n<div>Este caf\u00e9 lo denominamos el \u201cvino blanco\u201d de los caf\u00e9s, ya que es un caf\u00e9 de fragancia floral como el\u00a0<strong>jazm\u00edn<\/strong>, en boca encontraremos un caf\u00e9 sedoso\u00a0<strong>acidez c\u00edtrica<\/strong>\u00a0y con post gusto a frutas como\u00a0<strong>manzana<\/strong>\u00a0y\u00a0<strong>pi\u00f1a<\/strong>.<\/div>\n<\/div>\n","protected":false},"excerpt":{"rendered":"<p>Productor: Peque\u00f1os Caficultores Region: Sidama Altitud: 1.700 &#8211; 2.000 msnm Proceso: Lavado Variedad: Heirloom Este caf\u00e9 lo denominamos el \u201cvino blanco\u201d de los caf\u00e9s, ya que es un caf\u00e9 de fragancia floral como el\u00a0jazm\u00edn, en boca encontraremos un caf\u00e9 sedoso\u00a0acidez c\u00edtrica\u00a0y con post gusto a frutas como\u00a0manzana\u00a0y\u00a0pi\u00f1a.<\/p>\n","protected":false},"featured_media":286,"comment_status":"open","ping_status":"closed","template":"","meta":[],"product_brand":[],"product_cat":[21,18],"product_tag":[],"class_list":{"0":"post-285","1":"product","2":"type-product","3":"status-publish","4":"has-post-thumbnail","6":"product_cat-cafe-en-capsulas","7":"product_cat-cafes","9":"first","10":"instock","11":"shipping-taxable","12":"purchasable","13":"product-type-simple"},"yoast_head":"<!-- This site is optimized with the Yoast SEO plugin v26.5 - https:\/\/yoast.com\/wordpress\/plugins\/seo\/ -->\n<title>C\u00e1psulas BIO Sidamo - Urban Coffee<\/title>\n<meta name=\"description\" content=\"Prueba estas C\u00e1psulas BIO Sidamo para disfrutar de un caf\u00e9 de especialidad en un momento\" \/>\n<meta name=\"robots\" content=\"index, follow, max-snippet:-1, max-image-preview:large, max-video-preview:-1\" \/>\n<link rel=\"canonical\" href=\"https:\/\/pbretones.santcugatesn.com\/?product=capsulas-bio-sidamo\" \/>\n<meta property=\"og:locale\" content=\"es_ES\" \/>\n<meta property=\"og:type\" content=\"article\" \/>\n<meta property=\"og:title\" content=\"C\u00e1psulas BIO Sidamo - Urban Coffee\" \/>\n<meta property=\"og:description\" content=\"Prueba estas C\u00e1psulas BIO Sidamo para disfrutar de un caf\u00e9 de especialidad en un momento\" \/>\n<meta property=\"og:url\" content=\"https:\/\/pbretones.santcugatesn.com\/?product=capsulas-bio-sidamo\" \/>\n<meta property=\"og:site_name\" content=\"Urban Coffee\" \/>\n<meta property=\"og:image\" content=\"https:\/\/pbretones.santcugatesn.com\/wp-content\/uploads\/2026\/02\/Diseno-sin-titulo-32.png\" \/>\n\t<meta property=\"og:image:width\" content=\"1346\" \/>\n\t<meta property=\"og:image:height\" content=\"1346\" \/>\n\t<meta property=\"og:image:type\" content=\"image\/png\" \/>\n<meta name=\"twitter:card\" content=\"summary_large_image\" \/>\n<meta name=\"twitter:label1\" content=\"Tiempo de lectura\" \/>\n\t<meta name=\"twitter:data1\" content=\"1 minuto\" \/>\n<script type=\"application\/ld+json\" class=\"yoast-schema-graph\">{\"@context\":\"https:\/\/schema.org\",\"@graph\":[{\"@type\":\"WebPage\",\"@id\":\"https:\/\/pbretones.santcugatesn.com\/?product=capsulas-bio-sidamo\",\"url\":\"https:\/\/pbretones.santcugatesn.com\/?product=capsulas-bio-sidamo\",\"name\":\"C\u00e1psulas BIO Sidamo - Urban Coffee\",\"isPartOf\":{\"@id\":\"https:\/\/pbretones.santcugatesn.com\/#website\"},\"primaryImageOfPage\":{\"@id\":\"https:\/\/pbretones.santcugatesn.com\/?product=capsulas-bio-sidamo#primaryimage\"},\"image\":{\"@id\":\"https:\/\/pbretones.santcugatesn.com\/?product=capsulas-bio-sidamo#primaryimage\"},\"thumbnailUrl\":\"https:\/\/pbretones.santcugatesn.com\/wp-content\/uploads\/2026\/02\/Diseno-sin-titulo-32.png\",\"datePublished\":\"2026-02-18T09:54:57+00:00\",\"description\":\"Prueba estas C\u00e1psulas BIO Sidamo para disfrutar de un caf\u00e9 de especialidad en un momento\",\"breadcrumb\":{\"@id\":\"https:\/\/pbretones.santcugatesn.com\/?product=capsulas-bio-sidamo#breadcrumb\"},\"inLanguage\":\"es\",\"potentialAction\":[{\"@type\":\"ReadAction\",\"target\":[\"https:\/\/pbretones.santcugatesn.com\/?product=capsulas-bio-sidamo\"]}]},{\"@type\":\"ImageObject\",\"inLanguage\":\"es\",\"@id\":\"https:\/\/pbretones.santcugatesn.com\/?product=capsulas-bio-sidamo#primaryimage\",\"url\":\"https:\/\/pbretones.santcugatesn.com\/wp-content\/uploads\/2026\/02\/Diseno-sin-titulo-32.png\",\"contentUrl\":\"https:\/\/pbretones.santcugatesn.com\/wp-content\/uploads\/2026\/02\/Diseno-sin-titulo-32.png\",\"width\":1346,\"height\":1346},{\"@type\":\"BreadcrumbList\",\"@id\":\"https:\/\/pbretones.santcugatesn.com\/?product=capsulas-bio-sidamo#breadcrumb\",\"itemListElement\":[{\"@type\":\"ListItem\",\"position\":1,\"name\":\"Portada\",\"item\":\"https:\/\/pbretones.santcugatesn.com\/\"},{\"@type\":\"ListItem\",\"position\":2,\"name\":\"Tienda\",\"item\":\"https:\/\/pbretones.santcugatesn.com\/?page_id=6\"},{\"@type\":\"ListItem\",\"position\":3,\"name\":\"C\u00e1psulas BIO Sidamo\"}]},{\"@type\":\"WebSite\",\"@id\":\"https:\/\/pbretones.santcugatesn.com\/#website\",\"url\":\"https:\/\/pbretones.santcugatesn.com\/\",\"name\":\"Urban Coffee\",\"description\":\"Tienda de caf\u00e9 de especialidad\",\"potentialAction\":[{\"@type\":\"SearchAction\",\"target\":{\"@type\":\"EntryPoint\",\"urlTemplate\":\"https:\/\/pbretones.santcugatesn.com\/?s={search_term_string}\"},\"query-input\":{\"@type\":\"PropertyValueSpecification\",\"valueRequired\":true,\"valueName\":\"search_term_string\"}}],\"inLanguage\":\"es\"}]}<\/script>\n<!-- \/ Yoast SEO plugin. -->","yoast_head_json":{"title":"C\u00e1psulas BIO Sidamo - Urban Coffee","description":"Prueba estas C\u00e1psulas BIO Sidamo para disfrutar de un caf\u00e9 de especialidad en un momento","robots":{"index":"index","follow":"follow","max-snippet":"max-snippet:-1","max-image-preview":"max-image-preview:large","max-video-preview":"max-video-preview:-1"},"canonical":"https:\/\/pbretones.santcugatesn.com\/?product=capsulas-bio-sidamo","og_locale":"es_ES","og_type":"article","og_title":"C\u00e1psulas BIO Sidamo - Urban Coffee","og_description":"Prueba estas C\u00e1psulas BIO Sidamo para disfrutar de un caf\u00e9 de especialidad en un momento","og_url":"https:\/\/pbretones.santcugatesn.com\/?product=capsulas-bio-sidamo","og_site_name":"Urban Coffee","og_image":[{"width":1346,"height":1346,"url":"https:\/\/pbretones.santcugatesn.com\/wp-content\/uploads\/2026\/02\/Diseno-sin-titulo-32.png","type":"image\/png"}],"twitter_card":"summary_large_image","twitter_misc":{"Tiempo de lectura":"1 minuto"},"schema":{"@context":"https:\/\/schema.org","@graph":[{"@type":"WebPage","@id":"https:\/\/pbretones.santcugatesn.com\/?product=capsulas-bio-sidamo","url":"https:\/\/pbretones.santcugatesn.com\/?product=capsulas-bio-sidamo","name":"C\u00e1psulas BIO Sidamo - Urban Coffee","isPartOf":{"@id":"https:\/\/pbretones.santcugatesn.com\/#website"},"primaryImageOfPage":{"@id":"https:\/\/pbretones.santcugatesn.com\/?product=capsulas-bio-sidamo#primaryimage"},"image":{"@id":"https:\/\/pbretones.santcugatesn.com\/?product=capsulas-bio-sidamo#primaryimage"},"thumbnailUrl":"https:\/\/pbretones.santcugatesn.com\/wp-content\/uploads\/2026\/02\/Diseno-sin-titulo-32.png","datePublished":"2026-02-18T09:54:57+00:00","description":"Prueba estas C\u00e1psulas BIO Sidamo para disfrutar de un caf\u00e9 de especialidad en un momento","breadcrumb":{"@id":"https:\/\/pbretones.santcugatesn.com\/?product=capsulas-bio-sidamo#breadcrumb"},"inLanguage":"es","potentialAction":[{"@type":"ReadAction","target":["https:\/\/pbretones.santcugatesn.com\/?product=capsulas-bio-sidamo"]}]},{"@type":"ImageObject","inLanguage":"es","@id":"https:\/\/pbretones.santcugatesn.com\/?product=capsulas-bio-sidamo#primaryimage","url":"https:\/\/pbretones.santcugatesn.com\/wp-content\/uploads\/2026\/02\/Diseno-sin-titulo-32.png","contentUrl":"https:\/\/pbretones.santcugatesn.com\/wp-content\/uploads\/2026\/02\/Diseno-sin-titulo-32.png","width":1346,"height":1346},{"@type":"BreadcrumbList","@id":"https:\/\/pbretones.santcugatesn.com\/?product=capsulas-bio-sidamo#breadcrumb","itemListElement":[{"@type":"ListItem","position":1,"name":"Portada","item":"https:\/\/pbretones.santcugatesn.com\/"},{"@type":"ListItem","position":2,"name":"Tienda","item":"https:\/\/pbretones.santcugatesn.com\/?page_id=6"},{"@type":"ListItem","position":3,"name":"C\u00e1psulas BIO Sidamo"}]},{"@type":"WebSite","@id":"https:\/\/pbretones.santcugatesn.com\/#website","url":"https:\/\/pbretones.santcugatesn.com\/","name":"Urban Coffee","description":"Tienda de caf\u00e9 de especialidad","potentialAction":[{"@type":"SearchAction","target":{"@type":"EntryPoint","urlTemplate":"https:\/\/pbretones.santcugatesn.com\/?s={search_term_string}"},"query-input":{"@type":"PropertyValueSpecification","valueRequired":true,"valueName":"search_term_string"}}],"inLanguage":"es"}]}},"_links":{"self":[{"href":"https:\/\/pbretones.santcugatesn.com\/index.php?rest_route=\/wp\/v2\/product\/285","targetHints":{"allow":["GET"]}}],"collection":[{"href":"https:\/\/pbretones.santcugatesn.com\/index.php?rest_route=\/wp\/v2\/product"}],"about":[{"href":"https:\/\/pbretones.santcugatesn.com\/index.php?rest_route=\/wp\/v2\/types\/product"}],"replies":[{"embeddable":true,"href":"https:\/\/pbretones.santcugatesn.com\/index.php?rest_route=%2Fwp%2Fv2%2Fcomments&post=285"}],"wp:featuredmedia":[{"embeddable":true,"href":"https:\/\/pbretones.santcugatesn.com\/index.php?rest_route=\/wp\/v2\/media\/286"}],"wp:attachment":[{"href":"https:\/\/pbretones.santcugatesn.com\/index.php?rest_route=%2Fwp%2Fv2%2Fmedia&parent=285"}],"wp:term":[{"taxonomy":"product_brand","embeddable":true,"href":"https:\/\/pbretones.santcugatesn.com\/index.php?rest_route=%2Fwp%2Fv2%2Fproduct_brand&post=285"},{"taxonomy":"product_cat","embeddable":true,"href":"https:\/\/pbretones.santcugatesn.com\/index.php?rest_route=%2Fwp%2Fv2%2Fproduct_cat&post=285"},{"taxonomy":"product_tag","embeddable":true,"href":"https:\/\/pbretones.santcugatesn.com\/index.php?rest_route=%2Fwp%2Fv2%2Fproduct_tag&post=285"}],"curies":[{"name":"wp","href":"https:\/\/api.w.org\/{rel}","templated":true}]}}