{"id":158,"date":"2026-01-13T15:52:03","date_gmt":"2026-01-13T15:52:03","guid":{"rendered":"https:\/\/pbretones.santcugatesn.com\/?post_type=product&#038;p=158"},"modified":"2026-02-18T12:47:23","modified_gmt":"2026-02-18T12:47:23","slug":"russell-de-el-salvador","status":"publish","type":"product","link":"https:\/\/pbretones.santcugatesn.com\/?product=russell-de-el-salvador","title":{"rendered":"Russell de El Salvador"},"content":{"rendered":"<div class=\"main-product__block main-product__block-description\">\n<div class=\"m-product-description rte\">\n<section class=\"elementor-section elementor-top-section elementor-element elementor-element-26da4152 elementor-section-content-middle elementor-section-boxed elementor-section-height-default elementor-section-height-default\" data-settings=\"{&quot;background_background&quot;:&quot;classic&quot;}\" data-element_type=\"section\" data-id=\"26da4152\">\n<div class=\"elementor-container elementor-column-gap-default\">\n<div class=\"elementor-column elementor-col-50 elementor-top-column elementor-element elementor-element-668af3ac\" data-element_type=\"column\" data-id=\"668af3ac\">\n<div class=\"elementor-widget-wrap elementor-element-populated\">\n<div class=\"elementor-element elementor-element-3aa2eadd elementor-widget elementor-widget-text-editor\" data-widget_type=\"text-editor.default\" data-element_type=\"widget\" data-id=\"3aa2eadd\">\n<div class=\"elementor-widget-container\">\n<p><span dir=\"auto\" style=\"vertical-align: inherit;\"><span dir=\"auto\" style=\"vertical-align: inherit;\">Caf\u00e9 de especialidad, 100% natural y sin az\u00facares ni trazas a\u00f1adidas.<\/span><\/span><\/p>\n<p><span dir=\"auto\" style=\"vertical-align: inherit;\"><span dir=\"auto\" style=\"vertical-align: inherit;\">Manzana + caramelo + chocolate = \u00c9XITO<\/span><\/span><\/p>\n<p><span dir=\"auto\" style=\"vertical-align: inherit;\"><span dir=\"auto\" style=\"vertical-align: inherit;\">Imagina una vida sin dulces. No sentir el placer de un buen chocolate\u2026 o no percibir la magia del caramelo. Menuda tortura.<\/span><\/span><\/p>\n<p><span dir=\"auto\" style=\"vertical-align: inherit;\"><span dir=\"auto\" style=\"vertical-align: inherit;\">Cada d\u00eda Russell recoge las mejores manzanas para preparar este pedazo de caf\u00e9. Con un proceso natural que potencia x100 las notas dulces de este cafetazo.<\/span><\/span><\/p>\n<\/div>\n<\/div>\n<\/div>\n<\/div>\n<\/div>\n<\/section>\n<div class=\"ficha-tecnica\">\n<ul>\n<li><span dir=\"auto\" style=\"vertical-align: inherit;\"><span dir=\"auto\" style=\"vertical-align: inherit;\">\ud83c\udf0d\u00a0 <\/span><\/span><strong><span dir=\"auto\" style=\"vertical-align: inherit;\"><span dir=\"auto\" style=\"vertical-align: inherit;\">Origen:<\/span><\/span><\/strong><span dir=\"auto\" style=\"vertical-align: inherit;\"><span dir=\"auto\" style=\"vertical-align: inherit;\"> \u00a0El Salvador<\/span><\/span><\/li>\n<li><span dir=\"auto\" style=\"vertical-align: inherit;\"><span dir=\"auto\" style=\"vertical-align: inherit;\">\ud83d\udccd\u00a0 <\/span><\/span><strong><span dir=\"auto\" style=\"vertical-align: inherit;\"><span dir=\"auto\" style=\"vertical-align: inherit;\">Regi\u00f3n:<\/span><\/span><\/strong><span dir=\"auto\" style=\"vertical-align: inherit;\"><span dir=\"auto\" style=\"vertical-align: inherit;\"> \u00a0Apaneca-Ilamatepec<\/span><\/span><\/li>\n<li><span dir=\"auto\" style=\"vertical-align: inherit;\"><span dir=\"auto\" style=\"vertical-align: inherit;\">\ud83c\udf31\u00a0 <\/span><\/span><strong><span dir=\"auto\" style=\"vertical-align: inherit;\"><span dir=\"auto\" style=\"vertical-align: inherit;\">Variedad:<\/span><\/span><\/strong><span dir=\"auto\" style=\"vertical-align: inherit;\"><span dir=\"auto\" style=\"vertical-align: inherit;\"> \u00a0Catua\u00ed<\/span><\/span><\/li>\n<li><span dir=\"auto\" style=\"vertical-align: inherit;\"><span dir=\"auto\" style=\"vertical-align: inherit;\">\u26a1\u00a0 <\/span><\/span><strong><span dir=\"auto\" style=\"vertical-align: inherit;\"><span dir=\"auto\" style=\"vertical-align: inherit;\">Proceso:<\/span><\/span><\/strong><span dir=\"auto\" style=\"vertical-align: inherit;\"><span dir=\"auto\" style=\"vertical-align: inherit;\"> \u00a0Natural<\/span><\/span><\/li>\n<li><span dir=\"auto\" style=\"vertical-align: inherit;\"><span dir=\"auto\" style=\"vertical-align: inherit;\">\u26f0\ufe0f\u00a0 <\/span><\/span><strong><span dir=\"auto\" style=\"vertical-align: inherit;\"><span dir=\"auto\" style=\"vertical-align: inherit;\">Altitud:<\/span><\/span><\/strong><span dir=\"auto\" style=\"vertical-align: inherit;\"><span dir=\"auto\" style=\"vertical-align: inherit;\"> \u00a01500m<\/span><\/span><\/li>\n<li><span dir=\"auto\" style=\"vertical-align: inherit;\"><span dir=\"auto\" style=\"vertical-align: inherit;\">\ud83c\udfaf\u00a0 <\/span><\/span><strong><span dir=\"auto\" style=\"vertical-align: inherit;\"><span dir=\"auto\" style=\"vertical-align: inherit;\">Puntuaci\u00f3n SCA:<\/span><\/span><\/strong><span dir=\"auto\" style=\"vertical-align: inherit;\"><span dir=\"auto\" style=\"vertical-align: inherit;\"> \u00a085<\/span><\/span><\/li>\n<li><span dir=\"auto\" style=\"vertical-align: inherit;\"><span dir=\"auto\" style=\"vertical-align: inherit;\">\u2615\u00a0 <\/span><\/span><strong><span dir=\"auto\" style=\"vertical-align: inherit;\"><span dir=\"auto\" style=\"vertical-align: inherit;\">Notas de cata:<\/span><\/span><\/strong><span dir=\"auto\" style=\"vertical-align: inherit;\"><span dir=\"auto\" style=\"vertical-align: inherit;\"> \u00a0Manzana y caramelo<\/span><\/span><\/li>\n<\/ul>\n<\/div>\n<\/div>\n<\/div>\n<div class=\"main-product__block main-product__block-variant_picker\">\n<div data-variant-picker=\"\" data-product-id=\"8922836926797\" data-enable-variant-group-images=\"false\" data-section=\"template--21119021154637__main\" data-product-handle=\"russell\" data-product-url=\"\/products\/russell\" data-max-options=\"2\">\n<div class=\"m-product-option m-product-option--dropdown\">\n<div class=\"m-product-option--label\"><label class=\"option-label\" for=\"Option-template--21119021154637__main-0\"><span class=\"option-label--title\"><span dir=\"auto\" style=\"vertical-align: inherit;\"><span dir=\"auto\" style=\"vertical-align: inherit;\">Cantidad\u00a0 <\/span><\/span><\/span><span class=\"option-label--selected\"><span dir=\"auto\" style=\"vertical-align: inherit;\"><span dir=\"auto\" style=\"vertical-align: inherit;\">250g (25-35 caf\u00e9s)<\/span><\/span><\/span><\/label><\/div>\n<div class=\"m-product-option--content\">\n<div class=\"m:inline-flex m:flex-wrap\"><\/div>\n<\/div>\n<\/div>\n<\/div>\n<\/div>\n","protected":false},"excerpt":{"rendered":"<p>Caf\u00e9 de especialidad, 100% natural y sin az\u00facares ni trazas a\u00f1adidas. Manzana + caramelo + chocolate = \u00c9XITO Imagina una vida sin dulces. No sentir el placer de un buen chocolate\u2026 o no percibir la magia del caramelo. Menuda tortura. Cada d\u00eda Russell recoge las mejores manzanas para preparar este pedazo de caf\u00e9. Con un [&hellip;]<\/p>\n","protected":false},"featured_media":159,"comment_status":"open","ping_status":"closed","template":"","meta":[],"product_brand":[],"product_cat":[19,18],"product_tag":[],"class_list":{"0":"post-158","1":"product","2":"type-product","3":"status-publish","4":"has-post-thumbnail","6":"product_cat-cafe-en-grano","7":"product_cat-cafes","9":"first","10":"instock","11":"shipping-taxable","12":"purchasable","13":"product-type-simple"},"yoast_head":"<!-- This site is optimized with the Yoast SEO plugin v26.5 - https:\/\/yoast.com\/wordpress\/plugins\/seo\/ -->\n<title>Russell de El Salvador - Urban Coffee<\/title>\n<meta name=\"description\" content=\"Este caf\u00e9 est\u00e1 basado y pensado para obtener el \u00e9xito y aqu\u00ed te dejo la ecuaci\u00f3n: Manzana + Caramelo + Chocolate = \u00c9XITO TOTAL.\" \/>\n<meta name=\"robots\" content=\"index, follow, max-snippet:-1, max-image-preview:large, max-video-preview:-1\" \/>\n<link rel=\"canonical\" href=\"https:\/\/pbretones.santcugatesn.com\/?product=russell-de-el-salvador\" \/>\n<meta property=\"og:locale\" content=\"es_ES\" \/>\n<meta property=\"og:type\" content=\"article\" \/>\n<meta property=\"og:title\" content=\"Russell de El Salvador - Urban Coffee\" \/>\n<meta property=\"og:description\" content=\"Este caf\u00e9 est\u00e1 basado y pensado para obtener el \u00e9xito y aqu\u00ed te dejo la ecuaci\u00f3n: Manzana + Caramelo + Chocolate = \u00c9XITO TOTAL.\" \/>\n<meta property=\"og:url\" content=\"https:\/\/pbretones.santcugatesn.com\/?product=russell-de-el-salvador\" \/>\n<meta property=\"og:site_name\" content=\"Urban Coffee\" \/>\n<meta property=\"article:modified_time\" content=\"2026-02-18T12:47:23+00:00\" \/>\n<meta property=\"og:image\" content=\"https:\/\/pbretones.santcugatesn.com\/wp-content\/uploads\/2026\/01\/Rusell-Editada.png\" \/>\n\t<meta property=\"og:image:width\" content=\"1346\" \/>\n\t<meta property=\"og:image:height\" content=\"1346\" \/>\n\t<meta property=\"og:image:type\" content=\"image\/png\" \/>\n<meta name=\"twitter:card\" content=\"summary_large_image\" \/>\n<meta name=\"twitter:label1\" content=\"Tiempo de lectura\" \/>\n\t<meta name=\"twitter:data1\" content=\"1 minuto\" \/>\n<script type=\"application\/ld+json\" class=\"yoast-schema-graph\">{\"@context\":\"https:\/\/schema.org\",\"@graph\":[{\"@type\":\"WebPage\",\"@id\":\"https:\/\/pbretones.santcugatesn.com\/?product=russell-de-el-salvador\",\"url\":\"https:\/\/pbretones.santcugatesn.com\/?product=russell-de-el-salvador\",\"name\":\"Russell de El Salvador - Urban Coffee\",\"isPartOf\":{\"@id\":\"https:\/\/pbretones.santcugatesn.com\/#website\"},\"primaryImageOfPage\":{\"@id\":\"https:\/\/pbretones.santcugatesn.com\/?product=russell-de-el-salvador#primaryimage\"},\"image\":{\"@id\":\"https:\/\/pbretones.santcugatesn.com\/?product=russell-de-el-salvador#primaryimage\"},\"thumbnailUrl\":\"https:\/\/pbretones.santcugatesn.com\/wp-content\/uploads\/2026\/01\/Rusell-Editada.png\",\"datePublished\":\"2026-01-13T15:52:03+00:00\",\"dateModified\":\"2026-02-18T12:47:23+00:00\",\"description\":\"Este caf\u00e9 est\u00e1 basado y pensado para obtener el \u00e9xito y aqu\u00ed te dejo la ecuaci\u00f3n: Manzana + Caramelo + Chocolate = \u00c9XITO TOTAL.\",\"breadcrumb\":{\"@id\":\"https:\/\/pbretones.santcugatesn.com\/?product=russell-de-el-salvador#breadcrumb\"},\"inLanguage\":\"es\",\"potentialAction\":[{\"@type\":\"ReadAction\",\"target\":[\"https:\/\/pbretones.santcugatesn.com\/?product=russell-de-el-salvador\"]}]},{\"@type\":\"ImageObject\",\"inLanguage\":\"es\",\"@id\":\"https:\/\/pbretones.santcugatesn.com\/?product=russell-de-el-salvador#primaryimage\",\"url\":\"https:\/\/pbretones.santcugatesn.com\/wp-content\/uploads\/2026\/01\/Rusell-Editada.png\",\"contentUrl\":\"https:\/\/pbretones.santcugatesn.com\/wp-content\/uploads\/2026\/01\/Rusell-Editada.png\",\"width\":1346,\"height\":1346},{\"@type\":\"BreadcrumbList\",\"@id\":\"https:\/\/pbretones.santcugatesn.com\/?product=russell-de-el-salvador#breadcrumb\",\"itemListElement\":[{\"@type\":\"ListItem\",\"position\":1,\"name\":\"Portada\",\"item\":\"https:\/\/pbretones.santcugatesn.com\/\"},{\"@type\":\"ListItem\",\"position\":2,\"name\":\"Tienda\",\"item\":\"https:\/\/pbretones.santcugatesn.com\/?page_id=6\"},{\"@type\":\"ListItem\",\"position\":3,\"name\":\"Russell de El Salvador\"}]},{\"@type\":\"WebSite\",\"@id\":\"https:\/\/pbretones.santcugatesn.com\/#website\",\"url\":\"https:\/\/pbretones.santcugatesn.com\/\",\"name\":\"Urban Coffee\",\"description\":\"Tienda de caf\u00e9 de especialidad\",\"potentialAction\":[{\"@type\":\"SearchAction\",\"target\":{\"@type\":\"EntryPoint\",\"urlTemplate\":\"https:\/\/pbretones.santcugatesn.com\/?s={search_term_string}\"},\"query-input\":{\"@type\":\"PropertyValueSpecification\",\"valueRequired\":true,\"valueName\":\"search_term_string\"}}],\"inLanguage\":\"es\"}]}<\/script>\n<!-- \/ Yoast SEO plugin. -->","yoast_head_json":{"title":"Russell de El Salvador - Urban Coffee","description":"Este caf\u00e9 est\u00e1 basado y pensado para obtener el \u00e9xito y aqu\u00ed te dejo la ecuaci\u00f3n: Manzana + Caramelo + Chocolate = \u00c9XITO TOTAL.","robots":{"index":"index","follow":"follow","max-snippet":"max-snippet:-1","max-image-preview":"max-image-preview:large","max-video-preview":"max-video-preview:-1"},"canonical":"https:\/\/pbretones.santcugatesn.com\/?product=russell-de-el-salvador","og_locale":"es_ES","og_type":"article","og_title":"Russell de El Salvador - Urban Coffee","og_description":"Este caf\u00e9 est\u00e1 basado y pensado para obtener el \u00e9xito y aqu\u00ed te dejo la ecuaci\u00f3n: Manzana + Caramelo + Chocolate = \u00c9XITO TOTAL.","og_url":"https:\/\/pbretones.santcugatesn.com\/?product=russell-de-el-salvador","og_site_name":"Urban Coffee","article_modified_time":"2026-02-18T12:47:23+00:00","og_image":[{"width":1346,"height":1346,"url":"https:\/\/pbretones.santcugatesn.com\/wp-content\/uploads\/2026\/01\/Rusell-Editada.png","type":"image\/png"}],"twitter_card":"summary_large_image","twitter_misc":{"Tiempo de lectura":"1 minuto"},"schema":{"@context":"https:\/\/schema.org","@graph":[{"@type":"WebPage","@id":"https:\/\/pbretones.santcugatesn.com\/?product=russell-de-el-salvador","url":"https:\/\/pbretones.santcugatesn.com\/?product=russell-de-el-salvador","name":"Russell de El Salvador - Urban Coffee","isPartOf":{"@id":"https:\/\/pbretones.santcugatesn.com\/#website"},"primaryImageOfPage":{"@id":"https:\/\/pbretones.santcugatesn.com\/?product=russell-de-el-salvador#primaryimage"},"image":{"@id":"https:\/\/pbretones.santcugatesn.com\/?product=russell-de-el-salvador#primaryimage"},"thumbnailUrl":"https:\/\/pbretones.santcugatesn.com\/wp-content\/uploads\/2026\/01\/Rusell-Editada.png","datePublished":"2026-01-13T15:52:03+00:00","dateModified":"2026-02-18T12:47:23+00:00","description":"Este caf\u00e9 est\u00e1 basado y pensado para obtener el \u00e9xito y aqu\u00ed te dejo la ecuaci\u00f3n: Manzana + Caramelo + Chocolate = \u00c9XITO TOTAL.","breadcrumb":{"@id":"https:\/\/pbretones.santcugatesn.com\/?product=russell-de-el-salvador#breadcrumb"},"inLanguage":"es","potentialAction":[{"@type":"ReadAction","target":["https:\/\/pbretones.santcugatesn.com\/?product=russell-de-el-salvador"]}]},{"@type":"ImageObject","inLanguage":"es","@id":"https:\/\/pbretones.santcugatesn.com\/?product=russell-de-el-salvador#primaryimage","url":"https:\/\/pbretones.santcugatesn.com\/wp-content\/uploads\/2026\/01\/Rusell-Editada.png","contentUrl":"https:\/\/pbretones.santcugatesn.com\/wp-content\/uploads\/2026\/01\/Rusell-Editada.png","width":1346,"height":1346},{"@type":"BreadcrumbList","@id":"https:\/\/pbretones.santcugatesn.com\/?product=russell-de-el-salvador#breadcrumb","itemListElement":[{"@type":"ListItem","position":1,"name":"Portada","item":"https:\/\/pbretones.santcugatesn.com\/"},{"@type":"ListItem","position":2,"name":"Tienda","item":"https:\/\/pbretones.santcugatesn.com\/?page_id=6"},{"@type":"ListItem","position":3,"name":"Russell de El Salvador"}]},{"@type":"WebSite","@id":"https:\/\/pbretones.santcugatesn.com\/#website","url":"https:\/\/pbretones.santcugatesn.com\/","name":"Urban Coffee","description":"Tienda de caf\u00e9 de especialidad","potentialAction":[{"@type":"SearchAction","target":{"@type":"EntryPoint","urlTemplate":"https:\/\/pbretones.santcugatesn.com\/?s={search_term_string}"},"query-input":{"@type":"PropertyValueSpecification","valueRequired":true,"valueName":"search_term_string"}}],"inLanguage":"es"}]}},"_links":{"self":[{"href":"https:\/\/pbretones.santcugatesn.com\/index.php?rest_route=\/wp\/v2\/product\/158","targetHints":{"allow":["GET"]}}],"collection":[{"href":"https:\/\/pbretones.santcugatesn.com\/index.php?rest_route=\/wp\/v2\/product"}],"about":[{"href":"https:\/\/pbretones.santcugatesn.com\/index.php?rest_route=\/wp\/v2\/types\/product"}],"replies":[{"embeddable":true,"href":"https:\/\/pbretones.santcugatesn.com\/index.php?rest_route=%2Fwp%2Fv2%2Fcomments&post=158"}],"wp:featuredmedia":[{"embeddable":true,"href":"https:\/\/pbretones.santcugatesn.com\/index.php?rest_route=\/wp\/v2\/media\/159"}],"wp:attachment":[{"href":"https:\/\/pbretones.santcugatesn.com\/index.php?rest_route=%2Fwp%2Fv2%2Fmedia&parent=158"}],"wp:term":[{"taxonomy":"product_brand","embeddable":true,"href":"https:\/\/pbretones.santcugatesn.com\/index.php?rest_route=%2Fwp%2Fv2%2Fproduct_brand&post=158"},{"taxonomy":"product_cat","embeddable":true,"href":"https:\/\/pbretones.santcugatesn.com\/index.php?rest_route=%2Fwp%2Fv2%2Fproduct_cat&post=158"},{"taxonomy":"product_tag","embeddable":true,"href":"https:\/\/pbretones.santcugatesn.com\/index.php?rest_route=%2Fwp%2Fv2%2Fproduct_tag&post=158"}],"curies":[{"name":"wp","href":"https:\/\/api.w.org\/{rel}","templated":true}]}}