{"id":154,"date":"2026-01-13T15:45:03","date_gmt":"2026-01-13T15:45:03","guid":{"rendered":"https:\/\/pbretones.santcugatesn.com\/?post_type=product&#038;p=154"},"modified":"2026-02-18T12:33:09","modified_gmt":"2026-02-18T12:33:09","slug":"sally-de-colombia","status":"publish","type":"product","link":"https:\/\/pbretones.santcugatesn.com\/?product=sally-de-colombia","title":{"rendered":"Sally de Colombia"},"content":{"rendered":"<div class=\"main-product__block main-product__block-description\">\n<div class=\"m-product-description rte\">\n<section class=\"elementor-section elementor-top-section elementor-element elementor-element-0203bc2 elementor-section-boxed elementor-section-height-default elementor-section-height-default\" data-settings=\"{&quot;background_background&quot;:&quot;classic&quot;}\" data-element_type=\"section\" data-id=\"0203bc2\">\n<div class=\"elementor-container elementor-column-gap-default\">\n<div class=\"elementor-column elementor-col-50 elementor-top-column elementor-element elementor-element-57760dd\" data-element_type=\"column\" data-id=\"57760dd\">\n<div class=\"elementor-widget-wrap elementor-element-populated\">\n<div class=\"elementor-element elementor-element-ffac2ad elementor-widget elementor-widget-text-editor\" data-widget_type=\"text-editor.default\" data-element_type=\"widget\" data-id=\"ffac2ad\">\n<div class=\"elementor-widget-container\">\n<p>Caf\u00e9 de especialidad, 100% natural y sin az\u00facares ni trazas a\u00f1adidas.<\/p>\n<p>La joya de la corona<b>.<\/b>\u00a0Sally viene calentito desde Colombia para arrasar con todo (y con todos). Este caf\u00e9 es\u00a0<u>perfecto para los amantes de los sabores afrutados<\/u>, que disfrutan los sabores m\u00e1s intensos en su taza.<\/p>\n<\/div>\n<\/div>\n<\/div>\n<\/div>\n<\/div>\n<\/section>\n<div class=\"ficha-tecnica\">\n<ul>\n<li>\ud83c\udf0d\u00a0<strong>Origen:<\/strong>\u00a0Colombia<\/li>\n<li>\ud83d\udccd\u00a0<strong>Regi\u00f3n:<\/strong>\u00a0Nari\u00f1o<\/li>\n<li>\ud83c\udf31\u00a0<strong>Variedad:<\/strong>\u00a0Castillo<\/li>\n<li>\u26a1\u00a0<strong>Proceso:<\/strong>\u00a0Lavado<\/li>\n<li>\u26f0\ufe0f\u00a0<strong>Altitud:<\/strong>\u00a02200m<\/li>\n<li>\ud83c\udfaf\u00a0<strong>Puntuaci\u00f3n SCA:<\/strong>\u00a085<\/li>\n<li>\u2615\u00a0<strong>Notas de cata:<\/strong>\u00a0Uvas, ar\u00e1ndanos y chocolate<\/li>\n<\/ul>\n<\/div>\n<\/div>\n<\/div>\n<div class=\"main-product__block main-product__block-variant_picker\">\n<div data-variant-picker=\"\" data-product-id=\"8922835419469\" data-enable-variant-group-images=\"false\" data-section=\"template--21119021187405__main\" data-product-handle=\"sally\" data-product-url=\"\/products\/sally\" data-max-options=\"2\">\n<div class=\"m-product-option m-product-option--dropdown\">\n<div class=\"m-product-option--label\"><label class=\"option-label\" for=\"Option-template--21119021187405__main-0\"><span class=\"option-label--title\">Cantidad\u00a0<\/span><span class=\"option-label--selected\">250g (25-35 caf\u00e9s)<\/span><\/label><\/div>\n<\/div>\n<\/div>\n<\/div>\n","protected":false},"excerpt":{"rendered":"<p>Caf\u00e9 de especialidad, 100% natural y sin az\u00facares ni trazas a\u00f1adidas. La joya de la corona.\u00a0Sally viene calentito desde Colombia para arrasar con todo (y con todos). Este caf\u00e9 es\u00a0perfecto para los amantes de los sabores afrutados, que disfrutan los sabores m\u00e1s intensos en su taza. \ud83c\udf0d\u00a0Origen:\u00a0Colombia \ud83d\udccd\u00a0Regi\u00f3n:\u00a0Nari\u00f1o \ud83c\udf31\u00a0Variedad:\u00a0Castillo \u26a1\u00a0Proceso:\u00a0Lavado \u26f0\ufe0f\u00a0Altitud:\u00a02200m \ud83c\udfaf\u00a0Puntuaci\u00f3n SCA:\u00a085 \u2615\u00a0Notas de [&hellip;]<\/p>\n","protected":false},"featured_media":155,"comment_status":"open","ping_status":"closed","template":"","meta":[],"product_brand":[],"product_cat":[19,18],"product_tag":[],"class_list":{"0":"post-154","1":"product","2":"type-product","3":"status-publish","4":"has-post-thumbnail","6":"product_cat-cafe-en-grano","7":"product_cat-cafes","9":"first","10":"instock","11":"shipping-taxable","12":"purchasable","13":"product-type-simple"},"yoast_head":"<!-- This site is optimized with the Yoast SEO plugin v26.5 - https:\/\/yoast.com\/wordpress\/plugins\/seo\/ -->\n<title>Sally de Colombia - Urban Coffee<\/title>\n<meta name=\"description\" content=\"Este caf\u00e9 es perfecto para aquellos amantes de los sabores afrutados, que disfrutan los sabores m\u00e1s intensos en su taza d\u00eda a d\u00eda.\" \/>\n<meta name=\"robots\" content=\"index, follow, max-snippet:-1, max-image-preview:large, max-video-preview:-1\" \/>\n<link rel=\"canonical\" href=\"https:\/\/pbretones.santcugatesn.com\/?product=sally-de-colombia\" \/>\n<meta property=\"og:locale\" content=\"es_ES\" \/>\n<meta property=\"og:type\" content=\"article\" \/>\n<meta property=\"og:title\" content=\"Sally de Colombia - Urban Coffee\" \/>\n<meta property=\"og:description\" content=\"Este caf\u00e9 es perfecto para aquellos amantes de los sabores afrutados, que disfrutan los sabores m\u00e1s intensos en su taza d\u00eda a d\u00eda.\" \/>\n<meta property=\"og:url\" content=\"https:\/\/pbretones.santcugatesn.com\/?product=sally-de-colombia\" \/>\n<meta property=\"og:site_name\" content=\"Urban Coffee\" \/>\n<meta property=\"article:modified_time\" content=\"2026-02-18T12:33:09+00:00\" \/>\n<meta property=\"og:image\" content=\"https:\/\/pbretones.santcugatesn.com\/wp-content\/uploads\/2026\/01\/Sally-Editada.png\" \/>\n\t<meta property=\"og:image:width\" content=\"1346\" \/>\n\t<meta property=\"og:image:height\" content=\"1346\" \/>\n\t<meta property=\"og:image:type\" content=\"image\/png\" \/>\n<meta name=\"twitter:card\" content=\"summary_large_image\" \/>\n<meta name=\"twitter:label1\" content=\"Tiempo de lectura\" \/>\n\t<meta name=\"twitter:data1\" content=\"1 minuto\" \/>\n<script type=\"application\/ld+json\" class=\"yoast-schema-graph\">{\"@context\":\"https:\/\/schema.org\",\"@graph\":[{\"@type\":\"WebPage\",\"@id\":\"https:\/\/pbretones.santcugatesn.com\/?product=sally-de-colombia\",\"url\":\"https:\/\/pbretones.santcugatesn.com\/?product=sally-de-colombia\",\"name\":\"Sally de Colombia - Urban Coffee\",\"isPartOf\":{\"@id\":\"https:\/\/pbretones.santcugatesn.com\/#website\"},\"primaryImageOfPage\":{\"@id\":\"https:\/\/pbretones.santcugatesn.com\/?product=sally-de-colombia#primaryimage\"},\"image\":{\"@id\":\"https:\/\/pbretones.santcugatesn.com\/?product=sally-de-colombia#primaryimage\"},\"thumbnailUrl\":\"https:\/\/pbretones.santcugatesn.com\/wp-content\/uploads\/2026\/01\/Sally-Editada.png\",\"datePublished\":\"2026-01-13T15:45:03+00:00\",\"dateModified\":\"2026-02-18T12:33:09+00:00\",\"description\":\"Este caf\u00e9 es perfecto para aquellos amantes de los sabores afrutados, que disfrutan los sabores m\u00e1s intensos en su taza d\u00eda a d\u00eda.\",\"breadcrumb\":{\"@id\":\"https:\/\/pbretones.santcugatesn.com\/?product=sally-de-colombia#breadcrumb\"},\"inLanguage\":\"es\",\"potentialAction\":[{\"@type\":\"ReadAction\",\"target\":[\"https:\/\/pbretones.santcugatesn.com\/?product=sally-de-colombia\"]}]},{\"@type\":\"ImageObject\",\"inLanguage\":\"es\",\"@id\":\"https:\/\/pbretones.santcugatesn.com\/?product=sally-de-colombia#primaryimage\",\"url\":\"https:\/\/pbretones.santcugatesn.com\/wp-content\/uploads\/2026\/01\/Sally-Editada.png\",\"contentUrl\":\"https:\/\/pbretones.santcugatesn.com\/wp-content\/uploads\/2026\/01\/Sally-Editada.png\",\"width\":1346,\"height\":1346},{\"@type\":\"BreadcrumbList\",\"@id\":\"https:\/\/pbretones.santcugatesn.com\/?product=sally-de-colombia#breadcrumb\",\"itemListElement\":[{\"@type\":\"ListItem\",\"position\":1,\"name\":\"Portada\",\"item\":\"https:\/\/pbretones.santcugatesn.com\/\"},{\"@type\":\"ListItem\",\"position\":2,\"name\":\"Tienda\",\"item\":\"https:\/\/pbretones.santcugatesn.com\/?page_id=6\"},{\"@type\":\"ListItem\",\"position\":3,\"name\":\"Sally de Colombia\"}]},{\"@type\":\"WebSite\",\"@id\":\"https:\/\/pbretones.santcugatesn.com\/#website\",\"url\":\"https:\/\/pbretones.santcugatesn.com\/\",\"name\":\"Urban Coffee\",\"description\":\"Tienda de caf\u00e9 de especialidad\",\"potentialAction\":[{\"@type\":\"SearchAction\",\"target\":{\"@type\":\"EntryPoint\",\"urlTemplate\":\"https:\/\/pbretones.santcugatesn.com\/?s={search_term_string}\"},\"query-input\":{\"@type\":\"PropertyValueSpecification\",\"valueRequired\":true,\"valueName\":\"search_term_string\"}}],\"inLanguage\":\"es\"}]}<\/script>\n<!-- \/ Yoast SEO plugin. -->","yoast_head_json":{"title":"Sally de Colombia - Urban Coffee","description":"Este caf\u00e9 es perfecto para aquellos amantes de los sabores afrutados, que disfrutan los sabores m\u00e1s intensos en su taza d\u00eda a d\u00eda.","robots":{"index":"index","follow":"follow","max-snippet":"max-snippet:-1","max-image-preview":"max-image-preview:large","max-video-preview":"max-video-preview:-1"},"canonical":"https:\/\/pbretones.santcugatesn.com\/?product=sally-de-colombia","og_locale":"es_ES","og_type":"article","og_title":"Sally de Colombia - Urban Coffee","og_description":"Este caf\u00e9 es perfecto para aquellos amantes de los sabores afrutados, que disfrutan los sabores m\u00e1s intensos en su taza d\u00eda a d\u00eda.","og_url":"https:\/\/pbretones.santcugatesn.com\/?product=sally-de-colombia","og_site_name":"Urban Coffee","article_modified_time":"2026-02-18T12:33:09+00:00","og_image":[{"width":1346,"height":1346,"url":"https:\/\/pbretones.santcugatesn.com\/wp-content\/uploads\/2026\/01\/Sally-Editada.png","type":"image\/png"}],"twitter_card":"summary_large_image","twitter_misc":{"Tiempo de lectura":"1 minuto"},"schema":{"@context":"https:\/\/schema.org","@graph":[{"@type":"WebPage","@id":"https:\/\/pbretones.santcugatesn.com\/?product=sally-de-colombia","url":"https:\/\/pbretones.santcugatesn.com\/?product=sally-de-colombia","name":"Sally de Colombia - Urban Coffee","isPartOf":{"@id":"https:\/\/pbretones.santcugatesn.com\/#website"},"primaryImageOfPage":{"@id":"https:\/\/pbretones.santcugatesn.com\/?product=sally-de-colombia#primaryimage"},"image":{"@id":"https:\/\/pbretones.santcugatesn.com\/?product=sally-de-colombia#primaryimage"},"thumbnailUrl":"https:\/\/pbretones.santcugatesn.com\/wp-content\/uploads\/2026\/01\/Sally-Editada.png","datePublished":"2026-01-13T15:45:03+00:00","dateModified":"2026-02-18T12:33:09+00:00","description":"Este caf\u00e9 es perfecto para aquellos amantes de los sabores afrutados, que disfrutan los sabores m\u00e1s intensos en su taza d\u00eda a d\u00eda.","breadcrumb":{"@id":"https:\/\/pbretones.santcugatesn.com\/?product=sally-de-colombia#breadcrumb"},"inLanguage":"es","potentialAction":[{"@type":"ReadAction","target":["https:\/\/pbretones.santcugatesn.com\/?product=sally-de-colombia"]}]},{"@type":"ImageObject","inLanguage":"es","@id":"https:\/\/pbretones.santcugatesn.com\/?product=sally-de-colombia#primaryimage","url":"https:\/\/pbretones.santcugatesn.com\/wp-content\/uploads\/2026\/01\/Sally-Editada.png","contentUrl":"https:\/\/pbretones.santcugatesn.com\/wp-content\/uploads\/2026\/01\/Sally-Editada.png","width":1346,"height":1346},{"@type":"BreadcrumbList","@id":"https:\/\/pbretones.santcugatesn.com\/?product=sally-de-colombia#breadcrumb","itemListElement":[{"@type":"ListItem","position":1,"name":"Portada","item":"https:\/\/pbretones.santcugatesn.com\/"},{"@type":"ListItem","position":2,"name":"Tienda","item":"https:\/\/pbretones.santcugatesn.com\/?page_id=6"},{"@type":"ListItem","position":3,"name":"Sally de Colombia"}]},{"@type":"WebSite","@id":"https:\/\/pbretones.santcugatesn.com\/#website","url":"https:\/\/pbretones.santcugatesn.com\/","name":"Urban Coffee","description":"Tienda de caf\u00e9 de especialidad","potentialAction":[{"@type":"SearchAction","target":{"@type":"EntryPoint","urlTemplate":"https:\/\/pbretones.santcugatesn.com\/?s={search_term_string}"},"query-input":{"@type":"PropertyValueSpecification","valueRequired":true,"valueName":"search_term_string"}}],"inLanguage":"es"}]}},"_links":{"self":[{"href":"https:\/\/pbretones.santcugatesn.com\/index.php?rest_route=\/wp\/v2\/product\/154","targetHints":{"allow":["GET"]}}],"collection":[{"href":"https:\/\/pbretones.santcugatesn.com\/index.php?rest_route=\/wp\/v2\/product"}],"about":[{"href":"https:\/\/pbretones.santcugatesn.com\/index.php?rest_route=\/wp\/v2\/types\/product"}],"replies":[{"embeddable":true,"href":"https:\/\/pbretones.santcugatesn.com\/index.php?rest_route=%2Fwp%2Fv2%2Fcomments&post=154"}],"wp:featuredmedia":[{"embeddable":true,"href":"https:\/\/pbretones.santcugatesn.com\/index.php?rest_route=\/wp\/v2\/media\/155"}],"wp:attachment":[{"href":"https:\/\/pbretones.santcugatesn.com\/index.php?rest_route=%2Fwp%2Fv2%2Fmedia&parent=154"}],"wp:term":[{"taxonomy":"product_brand","embeddable":true,"href":"https:\/\/pbretones.santcugatesn.com\/index.php?rest_route=%2Fwp%2Fv2%2Fproduct_brand&post=154"},{"taxonomy":"product_cat","embeddable":true,"href":"https:\/\/pbretones.santcugatesn.com\/index.php?rest_route=%2Fwp%2Fv2%2Fproduct_cat&post=154"},{"taxonomy":"product_tag","embeddable":true,"href":"https:\/\/pbretones.santcugatesn.com\/index.php?rest_route=%2Fwp%2Fv2%2Fproduct_tag&post=154"}],"curies":[{"name":"wp","href":"https:\/\/api.w.org\/{rel}","templated":true}]}}