{"id":152,"date":"2026-01-13T15:30:24","date_gmt":"2026-01-13T15:30:24","guid":{"rendered":"https:\/\/pbretones.santcugatesn.com\/?post_type=product&#038;p=152"},"modified":"2026-02-18T12:31:22","modified_gmt":"2026-02-18T12:31:22","slug":"t-broke-de-brasil","status":"publish","type":"product","link":"https:\/\/pbretones.santcugatesn.com\/?product=t-broke-de-brasil","title":{"rendered":"T-broke de Brasil"},"content":{"rendered":"<div class=\"main-product__block main-product__block-description\">\n<div class=\"m-product-description rte\">\n<section class=\"elementor-section elementor-top-section elementor-element elementor-element-540aa02 elementor-section-content-middle elementor-section-boxed elementor-section-height-default elementor-section-height-default\" data-settings=\"{&quot;background_background&quot;:&quot;classic&quot;}\" data-element_type=\"section\" data-id=\"540aa02\">\n<div class=\"elementor-container elementor-column-gap-default\">\n<div class=\"elementor-column elementor-col-50 elementor-top-column elementor-element elementor-element-b6a9218\" data-element_type=\"column\" data-id=\"b6a9218\">\n<div class=\"elementor-widget-wrap elementor-element-populated\">\n<div class=\"elementor-element elementor-element-510da4b elementor-widget elementor-widget-text-editor\" data-widget_type=\"text-editor.default\" data-element_type=\"widget\" data-id=\"510da4b\">\n<div class=\"elementor-widget-container\">\n<p>Caf\u00e9 de especialidad, 100% natural y sin az\u00facares ni trazas a\u00f1adidas.<\/p>\n<p>T-broke no es solo un emprendedor, es su propio jefe<b>.<\/b>\u00a0Despu\u00e9s de muchas reuniones de negocios por Brasil, ha decidido traer algo de su caf\u00e9 para ac\u00e1. Este caf\u00e9 es\u00a0<u>ideal para los amantes del chocolate<\/u>, \u00a1y para los aventureros emprendedores!<\/p>\n<\/div>\n<\/div>\n<\/div>\n<\/div>\n<\/div>\n<\/section>\n<div class=\"ficha-tecnica\">\n<ul>\n<li>\ud83c\udf0d\u00a0<strong>Origen:<\/strong>\u00a0Brasil<\/li>\n<li>\ud83d\udccd\u00a0<strong>Regi\u00f3n:<\/strong>\u00a0Mantiqueira de Minas<\/li>\n<li>\ud83c\udf31\u00a0<strong>Variedad:<\/strong>\u00a0Yellow Cati<\/li>\n<li>\u26a1\u00a0<strong>Proceso:<\/strong>\u00a0Natural<\/li>\n<li>\u26f0\ufe0f\u00a0<strong>Altitud:<\/strong>\u00a01250m<\/li>\n<li>\ud83c\udfaf\u00a0<strong>Puntuaci\u00f3n SCA:<\/strong>\u00a084<\/li>\n<li>\u2615\u00a0<strong>Notas de cata:<\/strong>\u00a0Chocolate y almendras<\/li>\n<\/ul>\n<\/div>\n<\/div>\n<\/div>\n<div class=\"main-product__block main-product__block-variant_picker\">\n<div data-variant-picker=\"\" data-product-id=\"8922835878221\" data-enable-variant-group-images=\"false\" data-section=\"template--21119047467341__main\" data-product-handle=\"t-broke\" data-product-url=\"\/products\/t-broke\" data-max-options=\"2\">\n<div class=\"m-product-option m-product-option--dropdown\">\n<div class=\"m-product-option--label\"><label class=\"option-label\" for=\"Option-template--21119047467341__main-0\"><span class=\"option-label--title\">Cantidad\u00a0<\/span><span class=\"option-label--selected\">250g (25-35 caf\u00e9s)<\/span><\/label><\/div>\n<\/div>\n<\/div>\n<\/div>\n","protected":false},"excerpt":{"rendered":"<p>Caf\u00e9 de especialidad, 100% natural y sin az\u00facares ni trazas a\u00f1adidas. T-broke no es solo un emprendedor, es su propio jefe.\u00a0Despu\u00e9s de muchas reuniones de negocios por Brasil, ha decidido traer algo de su caf\u00e9 para ac\u00e1. Este caf\u00e9 es\u00a0ideal para los amantes del chocolate, \u00a1y para los aventureros emprendedores! \ud83c\udf0d\u00a0Origen:\u00a0Brasil \ud83d\udccd\u00a0Regi\u00f3n:\u00a0Mantiqueira de Minas \ud83c\udf31\u00a0Variedad:\u00a0Yellow [&hellip;]<\/p>\n","protected":false},"featured_media":153,"comment_status":"open","ping_status":"closed","template":"","meta":[],"product_brand":[],"product_cat":[19,18],"product_tag":[],"class_list":{"0":"post-152","1":"product","2":"type-product","3":"status-publish","4":"has-post-thumbnail","6":"product_cat-cafe-en-grano","7":"product_cat-cafes","9":"first","10":"instock","11":"shipping-taxable","12":"purchasable","13":"product-type-simple"},"yoast_head":"<!-- This site is optimized with the Yoast SEO plugin v26.5 - https:\/\/yoast.com\/wordpress\/plugins\/seo\/ -->\n<title>T-broke de Brasil - Urban Coffee<\/title>\n<meta name=\"description\" content=\"Hemos decidido traer algo de su caf\u00e9 para vosotros. Este caf\u00e9 es ideal para los amantes del chocolate que quieran darse un capricho de vez en cuando.\" \/>\n<meta name=\"robots\" content=\"index, follow, max-snippet:-1, max-image-preview:large, max-video-preview:-1\" \/>\n<link rel=\"canonical\" href=\"https:\/\/pbretones.santcugatesn.com\/?product=t-broke-de-brasil\" \/>\n<meta property=\"og:locale\" content=\"es_ES\" \/>\n<meta property=\"og:type\" content=\"article\" \/>\n<meta property=\"og:title\" content=\"T-broke de Brasil - Urban Coffee\" \/>\n<meta property=\"og:description\" content=\"Hemos decidido traer algo de su caf\u00e9 para vosotros. Este caf\u00e9 es ideal para los amantes del chocolate que quieran darse un capricho de vez en cuando.\" \/>\n<meta property=\"og:url\" content=\"https:\/\/pbretones.santcugatesn.com\/?product=t-broke-de-brasil\" \/>\n<meta property=\"og:site_name\" content=\"Urban Coffee\" \/>\n<meta property=\"article:modified_time\" content=\"2026-02-18T12:31:22+00:00\" \/>\n<meta property=\"og:image\" content=\"https:\/\/pbretones.santcugatesn.com\/wp-content\/uploads\/2026\/01\/t-broke-Editada.png\" \/>\n\t<meta property=\"og:image:width\" content=\"1346\" \/>\n\t<meta property=\"og:image:height\" content=\"1346\" \/>\n\t<meta property=\"og:image:type\" content=\"image\/png\" \/>\n<meta name=\"twitter:card\" content=\"summary_large_image\" \/>\n<meta name=\"twitter:label1\" content=\"Tiempo de lectura\" \/>\n\t<meta name=\"twitter:data1\" content=\"1 minuto\" \/>\n<script type=\"application\/ld+json\" class=\"yoast-schema-graph\">{\"@context\":\"https:\/\/schema.org\",\"@graph\":[{\"@type\":\"WebPage\",\"@id\":\"https:\/\/pbretones.santcugatesn.com\/?product=t-broke-de-brasil\",\"url\":\"https:\/\/pbretones.santcugatesn.com\/?product=t-broke-de-brasil\",\"name\":\"T-broke de Brasil - Urban Coffee\",\"isPartOf\":{\"@id\":\"https:\/\/pbretones.santcugatesn.com\/#website\"},\"primaryImageOfPage\":{\"@id\":\"https:\/\/pbretones.santcugatesn.com\/?product=t-broke-de-brasil#primaryimage\"},\"image\":{\"@id\":\"https:\/\/pbretones.santcugatesn.com\/?product=t-broke-de-brasil#primaryimage\"},\"thumbnailUrl\":\"https:\/\/pbretones.santcugatesn.com\/wp-content\/uploads\/2026\/01\/t-broke-Editada.png\",\"datePublished\":\"2026-01-13T15:30:24+00:00\",\"dateModified\":\"2026-02-18T12:31:22+00:00\",\"description\":\"Hemos decidido traer algo de su caf\u00e9 para vosotros. Este caf\u00e9 es ideal para los amantes del chocolate que quieran darse un capricho de vez en cuando.\",\"breadcrumb\":{\"@id\":\"https:\/\/pbretones.santcugatesn.com\/?product=t-broke-de-brasil#breadcrumb\"},\"inLanguage\":\"es\",\"potentialAction\":[{\"@type\":\"ReadAction\",\"target\":[\"https:\/\/pbretones.santcugatesn.com\/?product=t-broke-de-brasil\"]}]},{\"@type\":\"ImageObject\",\"inLanguage\":\"es\",\"@id\":\"https:\/\/pbretones.santcugatesn.com\/?product=t-broke-de-brasil#primaryimage\",\"url\":\"https:\/\/pbretones.santcugatesn.com\/wp-content\/uploads\/2026\/01\/t-broke-Editada.png\",\"contentUrl\":\"https:\/\/pbretones.santcugatesn.com\/wp-content\/uploads\/2026\/01\/t-broke-Editada.png\",\"width\":1346,\"height\":1346},{\"@type\":\"BreadcrumbList\",\"@id\":\"https:\/\/pbretones.santcugatesn.com\/?product=t-broke-de-brasil#breadcrumb\",\"itemListElement\":[{\"@type\":\"ListItem\",\"position\":1,\"name\":\"Portada\",\"item\":\"https:\/\/pbretones.santcugatesn.com\/\"},{\"@type\":\"ListItem\",\"position\":2,\"name\":\"Tienda\",\"item\":\"https:\/\/pbretones.santcugatesn.com\/?page_id=6\"},{\"@type\":\"ListItem\",\"position\":3,\"name\":\"T-broke de Brasil\"}]},{\"@type\":\"WebSite\",\"@id\":\"https:\/\/pbretones.santcugatesn.com\/#website\",\"url\":\"https:\/\/pbretones.santcugatesn.com\/\",\"name\":\"Urban Coffee\",\"description\":\"Tienda de caf\u00e9 de especialidad\",\"potentialAction\":[{\"@type\":\"SearchAction\",\"target\":{\"@type\":\"EntryPoint\",\"urlTemplate\":\"https:\/\/pbretones.santcugatesn.com\/?s={search_term_string}\"},\"query-input\":{\"@type\":\"PropertyValueSpecification\",\"valueRequired\":true,\"valueName\":\"search_term_string\"}}],\"inLanguage\":\"es\"}]}<\/script>\n<!-- \/ Yoast SEO plugin. -->","yoast_head_json":{"title":"T-broke de Brasil - Urban Coffee","description":"Hemos decidido traer algo de su caf\u00e9 para vosotros. Este caf\u00e9 es ideal para los amantes del chocolate que quieran darse un capricho de vez en cuando.","robots":{"index":"index","follow":"follow","max-snippet":"max-snippet:-1","max-image-preview":"max-image-preview:large","max-video-preview":"max-video-preview:-1"},"canonical":"https:\/\/pbretones.santcugatesn.com\/?product=t-broke-de-brasil","og_locale":"es_ES","og_type":"article","og_title":"T-broke de Brasil - Urban Coffee","og_description":"Hemos decidido traer algo de su caf\u00e9 para vosotros. Este caf\u00e9 es ideal para los amantes del chocolate que quieran darse un capricho de vez en cuando.","og_url":"https:\/\/pbretones.santcugatesn.com\/?product=t-broke-de-brasil","og_site_name":"Urban Coffee","article_modified_time":"2026-02-18T12:31:22+00:00","og_image":[{"width":1346,"height":1346,"url":"https:\/\/pbretones.santcugatesn.com\/wp-content\/uploads\/2026\/01\/t-broke-Editada.png","type":"image\/png"}],"twitter_card":"summary_large_image","twitter_misc":{"Tiempo de lectura":"1 minuto"},"schema":{"@context":"https:\/\/schema.org","@graph":[{"@type":"WebPage","@id":"https:\/\/pbretones.santcugatesn.com\/?product=t-broke-de-brasil","url":"https:\/\/pbretones.santcugatesn.com\/?product=t-broke-de-brasil","name":"T-broke de Brasil - Urban Coffee","isPartOf":{"@id":"https:\/\/pbretones.santcugatesn.com\/#website"},"primaryImageOfPage":{"@id":"https:\/\/pbretones.santcugatesn.com\/?product=t-broke-de-brasil#primaryimage"},"image":{"@id":"https:\/\/pbretones.santcugatesn.com\/?product=t-broke-de-brasil#primaryimage"},"thumbnailUrl":"https:\/\/pbretones.santcugatesn.com\/wp-content\/uploads\/2026\/01\/t-broke-Editada.png","datePublished":"2026-01-13T15:30:24+00:00","dateModified":"2026-02-18T12:31:22+00:00","description":"Hemos decidido traer algo de su caf\u00e9 para vosotros. Este caf\u00e9 es ideal para los amantes del chocolate que quieran darse un capricho de vez en cuando.","breadcrumb":{"@id":"https:\/\/pbretones.santcugatesn.com\/?product=t-broke-de-brasil#breadcrumb"},"inLanguage":"es","potentialAction":[{"@type":"ReadAction","target":["https:\/\/pbretones.santcugatesn.com\/?product=t-broke-de-brasil"]}]},{"@type":"ImageObject","inLanguage":"es","@id":"https:\/\/pbretones.santcugatesn.com\/?product=t-broke-de-brasil#primaryimage","url":"https:\/\/pbretones.santcugatesn.com\/wp-content\/uploads\/2026\/01\/t-broke-Editada.png","contentUrl":"https:\/\/pbretones.santcugatesn.com\/wp-content\/uploads\/2026\/01\/t-broke-Editada.png","width":1346,"height":1346},{"@type":"BreadcrumbList","@id":"https:\/\/pbretones.santcugatesn.com\/?product=t-broke-de-brasil#breadcrumb","itemListElement":[{"@type":"ListItem","position":1,"name":"Portada","item":"https:\/\/pbretones.santcugatesn.com\/"},{"@type":"ListItem","position":2,"name":"Tienda","item":"https:\/\/pbretones.santcugatesn.com\/?page_id=6"},{"@type":"ListItem","position":3,"name":"T-broke de Brasil"}]},{"@type":"WebSite","@id":"https:\/\/pbretones.santcugatesn.com\/#website","url":"https:\/\/pbretones.santcugatesn.com\/","name":"Urban Coffee","description":"Tienda de caf\u00e9 de especialidad","potentialAction":[{"@type":"SearchAction","target":{"@type":"EntryPoint","urlTemplate":"https:\/\/pbretones.santcugatesn.com\/?s={search_term_string}"},"query-input":{"@type":"PropertyValueSpecification","valueRequired":true,"valueName":"search_term_string"}}],"inLanguage":"es"}]}},"_links":{"self":[{"href":"https:\/\/pbretones.santcugatesn.com\/index.php?rest_route=\/wp\/v2\/product\/152","targetHints":{"allow":["GET"]}}],"collection":[{"href":"https:\/\/pbretones.santcugatesn.com\/index.php?rest_route=\/wp\/v2\/product"}],"about":[{"href":"https:\/\/pbretones.santcugatesn.com\/index.php?rest_route=\/wp\/v2\/types\/product"}],"replies":[{"embeddable":true,"href":"https:\/\/pbretones.santcugatesn.com\/index.php?rest_route=%2Fwp%2Fv2%2Fcomments&post=152"}],"wp:featuredmedia":[{"embeddable":true,"href":"https:\/\/pbretones.santcugatesn.com\/index.php?rest_route=\/wp\/v2\/media\/153"}],"wp:attachment":[{"href":"https:\/\/pbretones.santcugatesn.com\/index.php?rest_route=%2Fwp%2Fv2%2Fmedia&parent=152"}],"wp:term":[{"taxonomy":"product_brand","embeddable":true,"href":"https:\/\/pbretones.santcugatesn.com\/index.php?rest_route=%2Fwp%2Fv2%2Fproduct_brand&post=152"},{"taxonomy":"product_cat","embeddable":true,"href":"https:\/\/pbretones.santcugatesn.com\/index.php?rest_route=%2Fwp%2Fv2%2Fproduct_cat&post=152"},{"taxonomy":"product_tag","embeddable":true,"href":"https:\/\/pbretones.santcugatesn.com\/index.php?rest_route=%2Fwp%2Fv2%2Fproduct_tag&post=152"}],"curies":[{"name":"wp","href":"https:\/\/api.w.org\/{rel}","templated":true}]}}