{"id":122,"date":"2026-01-12T17:11:01","date_gmt":"2026-01-12T17:11:01","guid":{"rendered":"https:\/\/pbretones.santcugatesn.com\/?post_type=product&#038;p=122"},"modified":"2026-02-11T08:54:25","modified_gmt":"2026-02-11T08:54:25","slug":"colombia","status":"publish","type":"product","link":"https:\/\/pbretones.santcugatesn.com\/?product=colombia","title":{"rendered":"Cooper de Costa Rica"},"content":{"rendered":"<div class=\"main-product__block main-product__block-description\">\n<div class=\"m-product-description rte\">\n<section class=\"elementor-section elementor-top-section elementor-element elementor-element-89db38b elementor-section-content-middle elementor-section-boxed elementor-section-height-default elementor-section-height-default\" data-settings=\"{&quot;background_background&quot;:&quot;classic&quot;}\" data-element_type=\"section\" data-id=\"89db38b\">\n<div class=\"elementor-container elementor-column-gap-default\">\n<div class=\"elementor-column elementor-col-50 elementor-top-column elementor-element elementor-element-988f236\" data-element_type=\"column\" data-id=\"988f236\">\n<div class=\"elementor-widget-wrap elementor-element-populated\">\n<div class=\"elementor-element elementor-element-68560cf elementor-widget elementor-widget-text-editor\" data-widget_type=\"text-editor.default\" data-element_type=\"widget\" data-id=\"68560cf\">\n<div class=\"elementor-widget-container\">\n<p>Caf\u00e9 de especialidad, 100% natural y sin az\u00facares ni trazas a\u00f1adidas.<\/p>\n<p>Cooper es perfecto para los amantes del dulce que quieran sacar su lado m\u00e1s friki\u00a0(\u00e9l tiene este lado muy desarrollado) y darle la emoci\u00f3n que se merece a su ritual cafetero con las\u00a0<u>mejores notas de avellanas, caramelo y miel.<\/u><\/p>\n<\/div>\n<\/div>\n<\/div>\n<\/div>\n<\/div>\n<\/section>\n<div class=\"ficha-tecnica\">\n<ul>\n<li>\ud83c\udf0d\u00a0<strong>Origen:<\/strong>\u00a0Costa Rica<\/li>\n<li>\ud83d\udccd\u00a0<strong>Regi\u00f3n:<\/strong>\u00a0Los Santos<\/li>\n<li>\ud83c\udf31\u00a0<strong>Variedad:<\/strong>\u00a0Caturra y Catua\u00ed<\/li>\n<li>\u26a1\u00a0<strong>Proceso:<\/strong>\u00a0Lavado<\/li>\n<li>\u26f0\ufe0f\u00a0<strong>Altitud:<\/strong>\u00a01600m<\/li>\n<li>\ud83c\udfaf\u00a0<strong>Puntuaci\u00f3n SCA:<\/strong>\u00a087<\/li>\n<li>\u2615\u00a0<strong>Notas de cata:<\/strong>\u00a0Avellanas, caramelo y miel<\/li>\n<\/ul>\n<\/div>\n<\/div>\n<\/div>\n<div class=\"main-product__block main-product__block-variant_picker\">\n<div data-variant-picker=\"\" data-product-id=\"8922835550541\" data-enable-variant-group-images=\"false\" data-section=\"template--21119021089101__main\" data-product-handle=\"cooper\" data-product-url=\"\/products\/cooper\" data-max-options=\"2\">\n<div class=\"m-product-option m-product-option--dropdown\">\n<div class=\"m-product-option--label\">\n<div class=\"m-product-option--label\"><label class=\"option-label\" for=\"Option-template--21119021089101__main-0\"><span class=\"option-label--title\">Cantidad\u00a0<\/span><span class=\"option-label--selected\">250g (25-35 caf\u00e9s)<\/span><\/label><\/div>\n<\/div>\n<\/div>\n<\/div>\n<\/div>\n<p data-start=\"673\" data-end=\"833\">\n","protected":false},"excerpt":{"rendered":"<p>Caf\u00e9 de especialidad, 100% natural y sin az\u00facares ni trazas a\u00f1adidas. Cooper es perfecto para los amantes del dulce que quieran sacar su lado m\u00e1s friki\u00a0(\u00e9l tiene este lado muy desarrollado) y darle la emoci\u00f3n que se merece a su ritual cafetero con las\u00a0mejores notas de avellanas, caramelo y miel. \ud83c\udf0d\u00a0Origen:\u00a0Costa Rica \ud83d\udccd\u00a0Regi\u00f3n:\u00a0Los Santos \ud83c\udf31\u00a0Variedad:\u00a0Caturra [&hellip;]<\/p>\n","protected":false},"featured_media":149,"comment_status":"open","ping_status":"closed","template":"","meta":[],"product_brand":[],"product_cat":[19,18],"product_tag":[],"class_list":{"0":"post-122","1":"product","2":"type-product","3":"status-publish","4":"has-post-thumbnail","6":"product_cat-cafe-en-grano","7":"product_cat-cafes","9":"first","10":"instock","11":"shipping-taxable","12":"purchasable","13":"product-type-simple"},"yoast_head":"<!-- This site is optimized with the Yoast SEO plugin v26.5 - https:\/\/yoast.com\/wordpress\/plugins\/seo\/ -->\n<title>Cooper de Costa Rica - Urban Coffee<\/title>\n<meta name=\"description\" content=\"El caf\u00e9 de Cooper de Costa Rica es perfecto para los amantes del dulce porque tiene las\u00a0mejores notas de avellanas, caramelo y miel.\" \/>\n<meta name=\"robots\" content=\"index, follow, max-snippet:-1, max-image-preview:large, max-video-preview:-1\" \/>\n<link rel=\"canonical\" href=\"https:\/\/pbretones.santcugatesn.com\/?product=colombia\" \/>\n<meta property=\"og:locale\" content=\"es_ES\" \/>\n<meta property=\"og:type\" content=\"article\" \/>\n<meta property=\"og:title\" content=\"Cooper de Costa Rica - Urban Coffee\" \/>\n<meta property=\"og:description\" content=\"El caf\u00e9 de Cooper de Costa Rica es perfecto para los amantes del dulce porque tiene las\u00a0mejores notas de avellanas, caramelo y miel.\" \/>\n<meta property=\"og:url\" content=\"https:\/\/pbretones.santcugatesn.com\/?product=colombia\" \/>\n<meta property=\"og:site_name\" content=\"Urban Coffee\" \/>\n<meta property=\"article:modified_time\" content=\"2026-02-11T08:54:25+00:00\" \/>\n<meta property=\"og:image\" content=\"https:\/\/pbretones.santcugatesn.com\/wp-content\/uploads\/2026\/01\/cooper-Editada.png\" \/>\n\t<meta property=\"og:image:width\" content=\"1346\" \/>\n\t<meta property=\"og:image:height\" content=\"1346\" \/>\n\t<meta property=\"og:image:type\" content=\"image\/png\" \/>\n<meta name=\"twitter:card\" content=\"summary_large_image\" \/>\n<meta name=\"twitter:label1\" content=\"Tiempo de lectura\" \/>\n\t<meta name=\"twitter:data1\" content=\"1 minuto\" \/>\n<script type=\"application\/ld+json\" class=\"yoast-schema-graph\">{\"@context\":\"https:\/\/schema.org\",\"@graph\":[{\"@type\":\"WebPage\",\"@id\":\"https:\/\/pbretones.santcugatesn.com\/?product=colombia\",\"url\":\"https:\/\/pbretones.santcugatesn.com\/?product=colombia\",\"name\":\"Cooper de Costa Rica - Urban Coffee\",\"isPartOf\":{\"@id\":\"https:\/\/pbretones.santcugatesn.com\/#website\"},\"primaryImageOfPage\":{\"@id\":\"https:\/\/pbretones.santcugatesn.com\/?product=colombia#primaryimage\"},\"image\":{\"@id\":\"https:\/\/pbretones.santcugatesn.com\/?product=colombia#primaryimage\"},\"thumbnailUrl\":\"https:\/\/pbretones.santcugatesn.com\/wp-content\/uploads\/2026\/01\/cooper-Editada.png\",\"datePublished\":\"2026-01-12T17:11:01+00:00\",\"dateModified\":\"2026-02-11T08:54:25+00:00\",\"description\":\"El caf\u00e9 de Cooper de Costa Rica es perfecto para los amantes del dulce porque tiene las\u00a0mejores notas de avellanas, caramelo y miel.\",\"breadcrumb\":{\"@id\":\"https:\/\/pbretones.santcugatesn.com\/?product=colombia#breadcrumb\"},\"inLanguage\":\"es\",\"potentialAction\":[{\"@type\":\"ReadAction\",\"target\":[\"https:\/\/pbretones.santcugatesn.com\/?product=colombia\"]}]},{\"@type\":\"ImageObject\",\"inLanguage\":\"es\",\"@id\":\"https:\/\/pbretones.santcugatesn.com\/?product=colombia#primaryimage\",\"url\":\"https:\/\/pbretones.santcugatesn.com\/wp-content\/uploads\/2026\/01\/cooper-Editada.png\",\"contentUrl\":\"https:\/\/pbretones.santcugatesn.com\/wp-content\/uploads\/2026\/01\/cooper-Editada.png\",\"width\":1346,\"height\":1346},{\"@type\":\"BreadcrumbList\",\"@id\":\"https:\/\/pbretones.santcugatesn.com\/?product=colombia#breadcrumb\",\"itemListElement\":[{\"@type\":\"ListItem\",\"position\":1,\"name\":\"Portada\",\"item\":\"https:\/\/pbretones.santcugatesn.com\/\"},{\"@type\":\"ListItem\",\"position\":2,\"name\":\"Tienda\",\"item\":\"https:\/\/pbretones.santcugatesn.com\/?page_id=6\"},{\"@type\":\"ListItem\",\"position\":3,\"name\":\"Cooper de Costa Rica\"}]},{\"@type\":\"WebSite\",\"@id\":\"https:\/\/pbretones.santcugatesn.com\/#website\",\"url\":\"https:\/\/pbretones.santcugatesn.com\/\",\"name\":\"Urban Coffee\",\"description\":\"Tienda de caf\u00e9 de especialidad\",\"potentialAction\":[{\"@type\":\"SearchAction\",\"target\":{\"@type\":\"EntryPoint\",\"urlTemplate\":\"https:\/\/pbretones.santcugatesn.com\/?s={search_term_string}\"},\"query-input\":{\"@type\":\"PropertyValueSpecification\",\"valueRequired\":true,\"valueName\":\"search_term_string\"}}],\"inLanguage\":\"es\"}]}<\/script>\n<!-- \/ Yoast SEO plugin. -->","yoast_head_json":{"title":"Cooper de Costa Rica - Urban Coffee","description":"El caf\u00e9 de Cooper de Costa Rica es perfecto para los amantes del dulce porque tiene las\u00a0mejores notas de avellanas, caramelo y miel.","robots":{"index":"index","follow":"follow","max-snippet":"max-snippet:-1","max-image-preview":"max-image-preview:large","max-video-preview":"max-video-preview:-1"},"canonical":"https:\/\/pbretones.santcugatesn.com\/?product=colombia","og_locale":"es_ES","og_type":"article","og_title":"Cooper de Costa Rica - Urban Coffee","og_description":"El caf\u00e9 de Cooper de Costa Rica es perfecto para los amantes del dulce porque tiene las\u00a0mejores notas de avellanas, caramelo y miel.","og_url":"https:\/\/pbretones.santcugatesn.com\/?product=colombia","og_site_name":"Urban Coffee","article_modified_time":"2026-02-11T08:54:25+00:00","og_image":[{"width":1346,"height":1346,"url":"https:\/\/pbretones.santcugatesn.com\/wp-content\/uploads\/2026\/01\/cooper-Editada.png","type":"image\/png"}],"twitter_card":"summary_large_image","twitter_misc":{"Tiempo de lectura":"1 minuto"},"schema":{"@context":"https:\/\/schema.org","@graph":[{"@type":"WebPage","@id":"https:\/\/pbretones.santcugatesn.com\/?product=colombia","url":"https:\/\/pbretones.santcugatesn.com\/?product=colombia","name":"Cooper de Costa Rica - Urban Coffee","isPartOf":{"@id":"https:\/\/pbretones.santcugatesn.com\/#website"},"primaryImageOfPage":{"@id":"https:\/\/pbretones.santcugatesn.com\/?product=colombia#primaryimage"},"image":{"@id":"https:\/\/pbretones.santcugatesn.com\/?product=colombia#primaryimage"},"thumbnailUrl":"https:\/\/pbretones.santcugatesn.com\/wp-content\/uploads\/2026\/01\/cooper-Editada.png","datePublished":"2026-01-12T17:11:01+00:00","dateModified":"2026-02-11T08:54:25+00:00","description":"El caf\u00e9 de Cooper de Costa Rica es perfecto para los amantes del dulce porque tiene las\u00a0mejores notas de avellanas, caramelo y miel.","breadcrumb":{"@id":"https:\/\/pbretones.santcugatesn.com\/?product=colombia#breadcrumb"},"inLanguage":"es","potentialAction":[{"@type":"ReadAction","target":["https:\/\/pbretones.santcugatesn.com\/?product=colombia"]}]},{"@type":"ImageObject","inLanguage":"es","@id":"https:\/\/pbretones.santcugatesn.com\/?product=colombia#primaryimage","url":"https:\/\/pbretones.santcugatesn.com\/wp-content\/uploads\/2026\/01\/cooper-Editada.png","contentUrl":"https:\/\/pbretones.santcugatesn.com\/wp-content\/uploads\/2026\/01\/cooper-Editada.png","width":1346,"height":1346},{"@type":"BreadcrumbList","@id":"https:\/\/pbretones.santcugatesn.com\/?product=colombia#breadcrumb","itemListElement":[{"@type":"ListItem","position":1,"name":"Portada","item":"https:\/\/pbretones.santcugatesn.com\/"},{"@type":"ListItem","position":2,"name":"Tienda","item":"https:\/\/pbretones.santcugatesn.com\/?page_id=6"},{"@type":"ListItem","position":3,"name":"Cooper de Costa Rica"}]},{"@type":"WebSite","@id":"https:\/\/pbretones.santcugatesn.com\/#website","url":"https:\/\/pbretones.santcugatesn.com\/","name":"Urban Coffee","description":"Tienda de caf\u00e9 de especialidad","potentialAction":[{"@type":"SearchAction","target":{"@type":"EntryPoint","urlTemplate":"https:\/\/pbretones.santcugatesn.com\/?s={search_term_string}"},"query-input":{"@type":"PropertyValueSpecification","valueRequired":true,"valueName":"search_term_string"}}],"inLanguage":"es"}]}},"_links":{"self":[{"href":"https:\/\/pbretones.santcugatesn.com\/index.php?rest_route=\/wp\/v2\/product\/122","targetHints":{"allow":["GET"]}}],"collection":[{"href":"https:\/\/pbretones.santcugatesn.com\/index.php?rest_route=\/wp\/v2\/product"}],"about":[{"href":"https:\/\/pbretones.santcugatesn.com\/index.php?rest_route=\/wp\/v2\/types\/product"}],"replies":[{"embeddable":true,"href":"https:\/\/pbretones.santcugatesn.com\/index.php?rest_route=%2Fwp%2Fv2%2Fcomments&post=122"}],"wp:featuredmedia":[{"embeddable":true,"href":"https:\/\/pbretones.santcugatesn.com\/index.php?rest_route=\/wp\/v2\/media\/149"}],"wp:attachment":[{"href":"https:\/\/pbretones.santcugatesn.com\/index.php?rest_route=%2Fwp%2Fv2%2Fmedia&parent=122"}],"wp:term":[{"taxonomy":"product_brand","embeddable":true,"href":"https:\/\/pbretones.santcugatesn.com\/index.php?rest_route=%2Fwp%2Fv2%2Fproduct_brand&post=122"},{"taxonomy":"product_cat","embeddable":true,"href":"https:\/\/pbretones.santcugatesn.com\/index.php?rest_route=%2Fwp%2Fv2%2Fproduct_cat&post=122"},{"taxonomy":"product_tag","embeddable":true,"href":"https:\/\/pbretones.santcugatesn.com\/index.php?rest_route=%2Fwp%2Fv2%2Fproduct_tag&post=122"}],"curies":[{"name":"wp","href":"https:\/\/api.w.org\/{rel}","templated":true}]}}